{"id":709,"date":"2022-05-06T12:45:47","date_gmt":"2022-05-06T12:45:47","guid":{"rendered":"https:\/\/test.otimo.pro\/?page_id=709"},"modified":"2022-06-28T19:53:45","modified_gmt":"2022-06-28T19:53:45","slug":"kontakt","status":"publish","type":"page","link":"https:\/\/otimo.pro\/en\/kontakt\/","title":{"rendered":"Contact us"},"content":{"rendered":"<div class=\"wpb-content-wrapper\"><div id=\"contacts\" data-vc-full-width=\"true\" data-vc-full-width-init=\"false\" class=\"vc_row wpb_row vc_row-fluid vc_custom_1547746189414 vc_row-has-fill vc_row_124295811\"><div class=\"wpb_column vc_column_container vc_col-sm-12 vc_col-has-fill vc_column_1185380537\"><div class=\"vc_column-inner vc_custom_1534258949794\"><div class=\"wpb_wrapper\" style=\"width: 100%; max-width: 590px;margin-left: auto; margin-right: auto;\">\r\n\r\n\t<div class=\"sh-heading sh-heading-style1\" id=\"heading-XTRWGcSaz7\">\r\n\t\t<h2 class=\"sh-heading-content size-xl\">\r\n\t\t\t<\/span>\n<span style=\"text-align: center;\">Zapraszamy do<strong>\u00a0kontaktu<\/strong><\/span>\n<span>\t\t<\/h2>\r\n\t<\/div>\r\n\r\n            <style type=\"text\/css\">\r\n                #heading-XTRWGcSaz7 .sh-heading-content {font-weight: 200!important;}            <\/style>\r\n        \r\n            \r\n            <div class=\"sh-empty-space vc_empty_space sh-empty-space-y9m67PZ5ej  \" style=\"height: 15px\">\r\n                <span class=\"vc_empty_space_inner\"><\/span>\r\n            <\/div>\r\n\r\n        \r\n<div class=\"sh-heading  \" id=\"heading-3VDeGU2aTr\">\r\n\t<div class=\"sh-element-margin\">\r\n\r\n\t\t\r\n\t\t\t<h2 class=\"sh-heading-content size-custom text-center\">\r\n\t\t\t\tWype\u0142nij poni\u017cszy formularz, a skontaktujemy si\u0119 z Tob\u0105.\t\t\t<\/h2>\r\n\r\n\t\t\r\n\t<\/div>\r\n<\/div>\r\n            <style type=\"text\/css\">\r\n                #heading-3VDeGU2aTr .sh-element-margin {}#heading-3VDeGU2aTr .sh-heading-content {font-size: 18px;font-weight: 200!important;}#heading-3VDeGU2aTr .sh-heading-content,#heading-3VDeGU2aTr .sh-heading-additional-text {}            <\/style>\r\n        \r\n            \r\n            <div class=\"sh-empty-space vc_empty_space sh-empty-space-vbaQ7jgUHk  \" style=\"height: 45px\">\r\n                <span class=\"vc_empty_space_inner\"><\/span>\r\n            <\/div>\r\n\r\n        \r\n            <style media=\"screen\">\r\n                                #cf7-460 label {\r\n                    \r\n                    \r\n                                            font-weight: 400!important;\r\n                    \r\n                                    }\r\n\r\n\r\n\r\n\r\n                                #cf7-460 input:not([type=\"submit\"]),\r\n                #cf7-460 select,\r\n                #cf7-460 textarea,\r\n                #cf7-460 .SumoSelect > .CaptionCont {\r\n                    \r\n                    \r\n                    \r\n                    \r\n                                            border-color: #f9f9f9!important;\r\n                    \r\n                    \r\n                    \r\n                    transition: 0.3s all ease-in-out;\r\n                }\r\n\r\n\r\n                #cf7-460 input:not([type=\"submit\"]):hover,\r\n                #cf7-460 select:hover,\r\n                #cf7-460 textarea:hover {\r\n                    \r\n                    \r\n                                    }\r\n\r\n\r\n                #cf7-460 input:not([type=\"submit\"]):focus,\r\n                #cf7-460 select:focus,\r\n                #cf7-460 textarea:focus {\r\n                    \r\n                    \r\n                                    }\r\n\r\n\r\n                \r\n\r\n                \r\n                                    #cf7-460:not(.sh-cf7-layout-inline)  .wpcf7-form-control-wrap {\r\n                                            \t    margin-bottom: 23px!important;\r\n                        \r\n                                            }\r\n                \r\n\r\n\r\n\r\n                                #cf7-460 .wpcf7-submit {\r\n\r\n                    \r\n                                            font-weight: 600!important;\r\n                    \r\n                                            letter-spacing: 0px!important;\r\n                    \r\n                                            height: 50px!important;\r\n                    \r\n                    \r\n                                            line-height: 20px!important;\r\n                    \r\n                                            color: #ffffff!important;\r\n                    \r\n                                            background-color: #11c4f0!important;\r\n                    \r\n                                            font-size: 14px!important;\r\n                    \r\n                    \r\n                                                                        border-color: #11c4f0!important;\r\n                        \r\n                        border-width: 2px;\r\n                        border-style: solid;\r\n                    \r\n                                    }\r\n\r\n\r\n                \r\n\r\n                                    #cf7-460 .wpcf7-submit:hover,\r\n                    #cf7-460 .wpcf7-submit:focus {\r\n                                                    color: #ffffff!important;\r\n                        \r\n                                                    background-color: #1d2e42!important;\r\n                        \r\n                                                    border-color: #1d2e42!important;\r\n                                            }\r\n                \r\n\r\n                            <\/style>\r\n\r\n\r\n            <div id=\"cf7-460\" class=\"sh-cf7 sh-cf7-wpbakery sh-cf7-style5 sh-cf7-layout-default sh-cf7-submit-align-center\">\r\n                \n<div class=\"wpcf7 no-js\" id=\"wpcf7-f460-o1\" lang=\"en-US\" dir=\"ltr\" data-wpcf7-id=\"460\">\n<div class=\"screen-reader-response\"><p role=\"status\" aria-live=\"polite\" aria-atomic=\"true\"><\/p> <ul><\/ul><\/div>\n<form action=\"\/en\/wp-json\/wp\/v2\/pages\/709#wpcf7-f460-o1\" method=\"post\" class=\"wpcf7-form init\" aria-label=\"Contact form\" novalidate=\"novalidate\" data-status=\"init\">\n<fieldset class=\"hidden-fields-container\"><input type=\"hidden\" name=\"_wpcf7\" value=\"460\" \/><input type=\"hidden\" name=\"_wpcf7_version\" value=\"6.1.5\" \/><input type=\"hidden\" name=\"_wpcf7_locale\" value=\"en_US\" \/><input type=\"hidden\" name=\"_wpcf7_unit_tag\" value=\"wpcf7-f460-o1\" \/><input type=\"hidden\" name=\"_wpcf7_container_post\" value=\"0\" \/><input type=\"hidden\" name=\"_wpcf7_posted_data_hash\" value=\"\" \/><input type=\"hidden\" name=\"_wpcf7_recaptcha_response\" value=\"\" \/>\n<\/fieldset>\n<div class=\"sh-cf7-body\"><div class=\"wpcf7-response-output\" aria-hidden=\"true\"><\/div>\n<div class=\"row\">\n\t<div class=\"col-md-6\">\n\t\t<p><label><span class=\"wpcf7-form-control-wrap\" data-name=\"your-name\"><input size=\"40\" maxlength=\"400\" class=\"wpcf7-form-control wpcf7-text wpcf7-validates-as-required\" aria-required=\"true\" aria-invalid=\"false\" placeholder=\"Imi\u0119 i nazwisko\" value=\"\" type=\"text\" name=\"your-name\" \/><\/span> <\/label>\n\t\t<\/p>\n\t<\/div>\n\t<div class=\"col-md-6\">\n\t\t<p><label> <span class=\"wpcf7-form-control-wrap\" data-name=\"your-email\"><input size=\"40\" maxlength=\"400\" class=\"wpcf7-form-control wpcf7-email wpcf7-validates-as-required wpcf7-text wpcf7-validates-as-email\" aria-required=\"true\" aria-invalid=\"false\" placeholder=\"E-mail\" value=\"\" type=\"email\" name=\"your-email\" \/><\/span> <\/label>\n\t\t<\/p>\n\t<\/div>\n<\/div>\n<p><label> <span class=\"wpcf7-form-control-wrap\" data-name=\"your-message\"><textarea cols=\"40\" rows=\"10\" maxlength=\"2000\" class=\"wpcf7-form-control wpcf7-textarea\" aria-invalid=\"false\" placeholder=\"Wiadomo\u015b\u0107\" name=\"your-message\"><\/textarea><\/span> <\/label>\n<\/p>\n<p><span class=\"wpcf7-form-control-wrap\" data-name=\"acceptance-566\"><span class=\"wpcf7-form-control wpcf7-acceptance\"><span class=\"wpcf7-list-item\"><label><input type=\"checkbox\" name=\"acceptance-566\" value=\"1\" aria-invalid=\"false\" \/><span class=\"wpcf7-list-item-label\">Wyra\u017cam zgod\u0119 na przetwarzanie moich danych osobowych przez Otimo sp. z o.o. zgodnie z <a href=\"https:\/\/otimo.pro\/privacy-policy\/\"><b>Polityk\u0105 prywatno\u015bci<\/b><\/a>.<\/span><\/label><\/span><\/span><\/span>\n<\/p>\n<p><input class=\"wpcf7-form-control wpcf7-submit has-spinner\" type=\"submit\" value=\"Wy\u015blij\" \/>\n<\/p><\/div><input type='hidden' class='wpcf7-pum' value='{\"closepopup\":false,\"closedelay\":0,\"openpopup\":false,\"openpopup_id\":0}' \/>\n<\/form>\n<\/div>\n            <\/div>\r\n\r\n        <style type=\"text\/css\"> .vc_column_1185380537:not(.vc_parallax):not(.jarallax) { overflow: center!important; position: relative; }<\/style><\/div><\/div><\/div><style type=\"text\/css\"> .vc_row_124295811 { background-position: center bottom!important; } .vc_row_124295811:not(.vc_parallax) { overflow: center!important; position: relative; }<\/style><\/div><div class=\"vc_row-full-width vc_clearfix\"><\/div><div class=\"vc_row wpb_row vc_row-fluid vc_row_698717885\"><div class=\"wpb_column vc_column_container vc_col-sm-12 vc_column_1391678243\"><div class=\"vc_column-inner \"><div class=\"wpb_wrapper\">\r\n            \r\n            <div class=\"sh-empty-space vc_empty_space sh-empty-space-1ikGCPxwJo  \" style=\"height: 32px\">\r\n                <span class=\"vc_empty_space_inner\"><\/span>\r\n            <\/div>\r\n\r\n        \r\n            \r\n            <div class=\"sh-empty-space vc_empty_space sh-empty-space-UpO2bltzDI  \" style=\"height: 32px\">\r\n                <span class=\"vc_empty_space_inner\"><\/span>\r\n            <\/div>\r\n\r\n        <style type=\"text\/css\"> .vc_column_1391678243:not(.vc_parallax):not(.jarallax) { overflow: center!important; position: relative; }<\/style><\/div><\/div><\/div><style type=\"text\/css\"> .vc_row_698717885:not(.vc_parallax) { overflow: center!important; position: relative; }<\/style><\/div>\n<\/div>","protected":false},"excerpt":{"rendered":"Zapraszamy do\u00a0kontaktu Wype\u0142nij poni\u017cszy formularz, a skontaktujemy si\u0119 z Tob\u0105. Wyra\u017cam zgod\u0119 na przetwarzanie moich danych osobowych przez Otimo sp. z o.o. zgodnie z Polityk\u0105 prywatno\u015bci.","protected":false},"author":2,"featured_media":0,"parent":0,"menu_order":0,"comment_status":"closed","ping_status":"closed","template":"","meta":{"footnotes":""},"class_list":["post-709","page","type-page","status-publish","hentry"],"_links":{"self":[{"href":"https:\/\/otimo.pro\/en\/wp-json\/wp\/v2\/pages\/709","targetHints":{"allow":["GET"]}}],"collection":[{"href":"https:\/\/otimo.pro\/en\/wp-json\/wp\/v2\/pages"}],"about":[{"href":"https:\/\/otimo.pro\/en\/wp-json\/wp\/v2\/types\/page"}],"author":[{"embeddable":true,"href":"https:\/\/otimo.pro\/en\/wp-json\/wp\/v2\/users\/2"}],"replies":[{"embeddable":true,"href":"https:\/\/otimo.pro\/en\/wp-json\/wp\/v2\/comments?post=709"}],"version-history":[{"count":16,"href":"https:\/\/otimo.pro\/en\/wp-json\/wp\/v2\/pages\/709\/revisions"}],"predecessor-version":[{"id":1922,"href":"https:\/\/otimo.pro\/en\/wp-json\/wp\/v2\/pages\/709\/revisions\/1922"}],"wp:attachment":[{"href":"https:\/\/otimo.pro\/en\/wp-json\/wp\/v2\/media?parent=709"}],"curies":[{"name":"wp","href":"https:\/\/api.w.org\/{rel}","templated":true}]}}