{"id":1014,"date":"2022-05-22T22:27:32","date_gmt":"2022-05-22T22:27:32","guid":{"rendered":"https:\/\/test.otimo.pro\/?page_id=1014"},"modified":"2022-11-30T16:52:23","modified_gmt":"2022-11-30T16:52:23","slug":"oferta","status":"publish","type":"page","link":"https:\/\/otimo.pro\/en\/oferta\/","title":{"rendered":"Offer"},"content":{"rendered":"<div class=\"wpb-content-wrapper\"><div class=\"vc_row wpb_row vc_row-fluid vc_custom_1649109089663 vc_row-has-fill vc_row_2002821832\"><div class=\"wpb_column vc_column_container vc_col-sm-12 vc_col-has-fill\"><div class=\"vc_column-inner vc_custom_1653569865676\"><div class=\"wpb_wrapper\">\r\n            \r\n            <div class=\"sh-empty-space vc_empty_space sh-empty-space-VYetRivmMq\" style=\"height: 15px\">\r\n                <span class=\"vc_empty_space_inner\"><\/span>\r\n            <\/div>\r\n\r\n        \r\n\r\n\t<div class=\"sh-heading sh-heading-style1 sh-animated fadeInDown\" id=\"heading-gBEfhFda91\"data-wow-duration=\"&quot;2s&quot;\">\r\n\t\t<h2 class=\"sh-heading-content size-custom\">\r\n\t\t\t<\/span>\n<span style=\"text-align: center;\">We invite you to take a look at <strong>our offer<\/strong><\/span>\n<span>\t\t<\/h2>\r\n\t<\/div>\r\n\r\n            <style type=\"text\/css\">\r\n                #heading-gBEfhFda91 .sh-heading-content {font-size: 40px;font-weight: 400!important;color: #ffffff;}            <\/style>\r\n        \r\n            \r\n            <div class=\"sh-empty-space vc_empty_space sh-empty-space-vdouzRiOQ7\" style=\"height: 40px\">\r\n                <span class=\"vc_empty_space_inner\"><\/span>\r\n            <\/div>\r\n\r\n        <\/div><\/div><\/div><\/div><div class=\"vc_row wpb_row vc_row-fluid vc_row_1520708552\"><div class=\"wpb_column vc_column_container vc_col-sm-12\"><div class=\"vc_column-inner vc_custom_1650633972362\"><div class=\"wpb_wrapper\">\r\n<div class=\"sh-heading\" id=\"heading-j6nMoY7VQp\">\r\n\t<div class=\"sh-element-margin\">\r\n\r\n\t\t\r\n\t\t\t<h2 class=\"sh-heading-content size-custom text-center\">\r\n\t\t\t\tWHAT DO WE DO?\t\t\t<\/h2>\r\n\r\n\t\t\r\n\t<\/div>\r\n<\/div>\r\n            <style type=\"text\/css\">\r\n                #heading-j6nMoY7VQp .sh-element-margin {}#heading-j6nMoY7VQp .sh-heading-content {font-size: 18px;font-weight: 400!important;color: #000000;}#heading-j6nMoY7VQp .sh-heading-content,#heading-j6nMoY7VQp .sh-heading-additional-text {}            <\/style>\r\n        \r\n            \r\n            <div class=\"sh-empty-space vc_empty_space sh-empty-space-DH92EZTO7P\" style=\"height: 20px\">\r\n                <span class=\"vc_empty_space_inner\"><\/span>\r\n            <\/div>\r\n\r\n        \r\n<div class=\"sh-heading\" id=\"heading-NA4hFD27iP\">\r\n\t<div class=\"sh-element-margin\">\r\n\r\n\t\t\r\n\t\t\t<h2 class=\"sh-heading-content size-custom text-center\">\r\n\t\t\t\tWe create customized solutions for\t\t\t<\/h2>\r\n\r\n\t\t\r\n\t<\/div>\r\n<\/div>\r\n            <style type=\"text\/css\">\r\n                #heading-NA4hFD27iP .sh-element-margin {}@media (max-width: 1024px) {#heading-NA4hFD27iP .sh-heading-content {font-size: 28px!important;}}#heading-NA4hFD27iP .sh-heading-content {font-size: 36px;font-weight: 400!important;color: #000000;}#heading-NA4hFD27iP .sh-heading-content,#heading-NA4hFD27iP .sh-heading-additional-text {}            <\/style>\r\n        \r\n<div class=\"sh-heading\" id=\"heading-ZiRGyLvQIb\">\r\n\t<div class=\"sh-element-margin\">\r\n\r\n\t\t\r\n\t\t\t<h2 class=\"sh-heading-content size-custom text-center\">\r\n\t\t\t\tcombinatorial optimization problems.\t\t\t<\/h2>\r\n\r\n\t\t\r\n\t<\/div>\r\n<\/div>\r\n            <style type=\"text\/css\">\r\n                #heading-ZiRGyLvQIb .sh-element-margin {}@media (max-width: 1024px) {#heading-ZiRGyLvQIb .sh-heading-content {font-size: 27px!important;}}#heading-ZiRGyLvQIb .sh-heading-content {font-size: 40px;font-weight: 700!important;color: #000000;}#heading-ZiRGyLvQIb .sh-heading-content,#heading-ZiRGyLvQIb .sh-heading-additional-text {}            <\/style>\r\n        \r\n            \r\n            <div class=\"sh-empty-space vc_empty_space sh-empty-space-RJWhA0MOHY\" style=\"height: 20px\">\r\n                <span class=\"vc_empty_space_inner\"><\/span>\r\n            <\/div>\r\n\r\n        \r\n<div class=\"sh-heading\" id=\"heading-UFjomPvt2e\">\r\n\t<div class=\"sh-element-margin\">\r\n\r\n\t\t\r\n\t\t\t<h2 class=\"sh-heading-content size-custom text-center\">\r\n\t\t\t\tWe focus on areas related to logistics, warehouse management and transportation in the broad sense. Our algorithms achieve some of the best results in the world, allowing us to improve efficiency, automate processes and reduce operating costs, among other things.\t\t\t<\/h2>\r\n\r\n\t\t\r\n\t<\/div>\r\n<\/div>\r\n            <style type=\"text\/css\">\r\n                #heading-UFjomPvt2e .sh-element-margin {}#heading-UFjomPvt2e .sh-heading-content {font-size: 18px;font-weight: 400!important;color: #000000;}#heading-UFjomPvt2e .sh-heading-content,#heading-UFjomPvt2e .sh-heading-additional-text {}            <\/style>\r\n        \r\n            \r\n            <div class=\"sh-empty-space vc_empty_space sh-empty-space-lqwzgrRTkt\" style=\"height: 20px\">\r\n                <span class=\"vc_empty_space_inner\"><\/span>\r\n            <\/div>\r\n\r\n        <div class=\"vc_separator wpb_content_element vc_separator_align_center vc_sep_width_100 vc_sep_border_width_2 vc_sep_pos_align_center vc_separator_no_text wpb_content_element  wpb_content_element\" ><span class=\"vc_sep_holder vc_sep_holder_l\"><span style=\"border-color:#11c4f0;\" class=\"vc_sep_line\"><\/span><\/span><span class=\"vc_sep_holder vc_sep_holder_r\"><span style=\"border-color:#11c4f0;\" class=\"vc_sep_line\"><\/span><\/span>\n<\/div>\r\n\r\n\t<div class=\"sh-heading sh-heading-style1\" id=\"heading-sDqTKfXgxu\">\r\n\t\t<h2 class=\"sh-heading-content size-custom\">\r\n\t\t\t<\/span>\n<span style=\"text-align: center;\"><span style=\"color: #000000;\">We create <strong>universal solutions<\/strong><\/span><\/span>\n<span>\t\t<\/h2>\r\n\t<\/div>\r\n\r\n            <style type=\"text\/css\">\r\n                @media (max-width: 1024px) {#heading-sDqTKfXgxu .sh-heading-content {font-size: 27px!important;}}#heading-sDqTKfXgxu .sh-heading-content {font-size: 40px;font-weight: 400!important;}            <\/style>\r\n        \r\n            \r\n            <div class=\"sh-empty-space vc_empty_space sh-empty-space-0v27jVpyJY\" style=\"height: 20px\">\r\n                <span class=\"vc_empty_space_inner\"><\/span>\r\n            <\/div>\r\n\r\n        \r\n<div class=\"sh-heading\" id=\"heading-Cly5tA19Xn\">\r\n\t<div class=\"sh-element-margin\">\r\n\r\n\t\t\r\n\t\t\t<h2 class=\"sh-heading-content size-custom text-center\">\r\n\t\t\t\t- i.e. solutions that can be integrated into any system. We are not limited by programming language - both in the context of our libraries and APIs.\t\t\t<\/h2>\r\n\r\n\t\t\r\n\t<\/div>\r\n<\/div>\r\n            <style type=\"text\/css\">\r\n                #heading-Cly5tA19Xn .sh-element-margin {}#heading-Cly5tA19Xn .sh-heading-content {font-size: 18px;font-weight: 400!important;color: #000000;}#heading-Cly5tA19Xn .sh-heading-content,#heading-Cly5tA19Xn .sh-heading-additional-text {}            <\/style>\r\n        \r\n            \r\n            <div class=\"sh-empty-space vc_empty_space sh-empty-space-xa91KRdAGh\" style=\"height: 30px\">\r\n                <span class=\"vc_empty_space_inner\"><\/span>\r\n            <\/div>\r\n\r\n        <\/div><\/div><\/div><style type=\"text\/css\"> .vc_row_1520708552:not(.vc_parallax) { overflow: center!important; position: relative; }<\/style><\/div><div class=\"vc_row wpb_row vc_row-fluid vc_row_1575058810\"><div class=\"wpb_column vc_column_container vc_col-sm-4 vc_col-has-fill vc_column_shadow1_hover vc_column_reponsive_border_disabled vc_element_responsive_background_image vc_column_250935142\"><div class=\"vc_column-inner vc_custom_1652041988243\"><div class=\"wpb_wrapper\" style=\"width: 100%; max-width: 280px;margin-left: auto; margin-right: auto;\">\r\n<div class=\"sh-iconbox sh-iconbox-style2 sh-iconbox-center improved-responsiveness\" id=\"iconbox-iK3rv4xZRX\">\r\n\t\r\n\t\t\t\t\t<div class=\"sh-iconbox-icon\">\r\n\t\t\t\t<div class=\"sh-iconbox-icon-shape sh-iconbox-square\">\r\n\t\t\t\t\t<i class=\"sh-iconbox-hover fa fa-cubes\"><\/i>\r\n\r\n\t\t\t\t\t\t\t\t\t<\/div>\r\n\t\t\t<\/div>\r\n\t\t\r\n\t\t<div class=\"sh-iconbox-aside\">\r\n\t\t\t<div class=\"sh-iconbox-title\">\r\n\t\t\t\t\t\t\t\t\t<a href=\"https:\/\/otimo.pro\/en\/oferta\/optymalizacja-wms\/\">\r\n\t\t\t\t\t\t<h3>WMS Optimization<\/h3>\r\n\t\t\t\t\t<\/a>\r\n\t\t\t\t\t\t\t<\/div>\r\n\t\t\t<div class=\"sh-iconbox-seperator\"><\/div>\r\n\t\t\t<div class=\"sh-iconbox-content\">\r\n\t\t\t\t<\/p>\n<p style=\"text-align: center;\">We use our experience in creating world-class algorithms to optimize the operation of WMS systems. It is currently our core-business, and we specialize in areas related to order picking and solutions for JSP (job-shop scheduling problem).<\/p>\n<p>\t\t\t<\/div>\r\n\t\t<\/div>\r\n\r\n\t<\/div>\r\n            <style type=\"text\/css\">\r\n                #iconbox-iK3rv4xZRX .sh-iconbox-title h3 {color: #000000;font-size: 16px;}#iconbox-iK3rv4xZRX .sh-iconbox-hover {font-size: 36px;}#iconbox-iK3rv4xZRX .sh-iconbox-hover {color: #000000;}#iconbox-iK3rv4xZRX.sh-iconbox-style6 .sh-iconbox-hover {text-shadow: -3px 2px rgba(0,0,0,0.3);}#iconbox-iK3rv4xZRX .sh-iconbox-content {color: #000000;}#iconbox-iK3rv4xZRX:hover .sh-iconbox-hover {color: #47c9e5;}            <\/style>\r\n        \r\n            \r\n            <div class=\"sh-empty-space vc_empty_space sh-empty-space-gJFPu5e8wb\" style=\"height: 20px\">\r\n                <span class=\"vc_empty_space_inner\"><\/span>\r\n            <\/div>\r\n\r\n        \r\n<div id=\"button-hQjSN325Kt\" class=\"sh-button-container  sh-button-style-1\">\r\n\t<div class=\"sh-element-margin\">\r\n\t\t<a href=\"https:\/\/otimo.pro\/en\/oferta\/optymalizacja-wms\/\" target=\"_self\" class=\"sh-button sh-button-large sh-button-icon-right\">\r\n\r\n\t\t\t\t\t\t\t<span class=\"sh-button-icon\">\r\n\t\t\t\t\t<i class=\"fa fa-chevron-right\"><\/i>\r\n\t\t\t\t<\/span>\r\n\t\t\t\r\n\t\t\t\t\t\t\t<span class=\"sh-button-text\">\r\n\t\t\t\t\tMORE\t\t\t\t<\/span>\r\n\t\t\t\r\n\t\t\t\r\n\t\t<\/a>\r\n\t\t\t<\/div>\r\n<\/div>\r\n            <style type=\"text\/css\">\r\n                #button-hQjSN325Kt .sh-button-icon i {font-size: 14px;}#button-hQjSN325Kt .sh-button {line-height: 50px;padding-top: 0; padding-bottom: 0;background-color: #11c4f0;color: #ffffff;}#button-hQjSN325Kt {text-align: center;}#button-hQjSN325Kt:not(.sh-button-style-2) .sh-button:hover {background-color: #1d2e42;color: #ffffff;}#button-hQjSN325Kt.sh-button-style-2 .sh-button:after {background-color: #1d2e42;}#button-hQjSN325Kt.sh-button-style-2 .sh-button:hover {color: #ffffff;}@media (max-width: 800px) {#button-hQjSN325Kt {text-align: center;}}            <\/style>\r\n        <style type=\"text\/css\">.vc_column_250935142:hover > .vc_column-inner { background-image: url(  )!important; } .vc_column_250935142 > .vc_column-inner { transition: 0.3s all ease-in-out; }.<\/style><\/div><\/div><\/div><div style=\"z-index: 1;\" class=\"wpb_column vc_column_container vc_col-sm-4 vc_col-has-fill vc_column_shadow1 vc_column_reponsive_border_disabled vc_element_responsive_background_image vc_column_906549870\"><div class=\"vc_column-inner vc_custom_1652042004557\"><div class=\"wpb_wrapper\" style=\"width: 100%; max-width: 280px;margin-left: auto; margin-right: auto;\">\r\n<div class=\"sh-iconbox sh-iconbox-style2 sh-iconbox-center improved-responsiveness\" id=\"iconbox-zjXUxstEwm\">\r\n\t\r\n\t\t\t\t\t<div class=\"sh-iconbox-icon\">\r\n\t\t\t\t<div class=\"sh-iconbox-icon-shape sh-iconbox-square\">\r\n\t\t\t\t\t<i class=\"sh-iconbox-hover fa fa-calendar\"><\/i>\r\n\r\n\t\t\t\t\t\t\t\t\t<\/div>\r\n\t\t\t<\/div>\r\n\t\t\r\n\t\t<div class=\"sh-iconbox-aside\">\r\n\t\t\t<div class=\"sh-iconbox-title\">\r\n\t\t\t\t\t\t\t\t\t<a href=\"https:\/\/otimo.pro\/en\/oferta\/optymalizacja-aps\/\">\r\n\t\t\t\t\t\t<h3>APS Optimization<\/h3>\r\n\t\t\t\t\t<\/a>\r\n\t\t\t\t\t\t\t<\/div>\r\n\t\t\t<div class=\"sh-iconbox-seperator\"><\/div>\r\n\t\t\t<div class=\"sh-iconbox-content\">\r\n\t\t\t\t<\/p>\n<p style=\"text-align: center;\"><span style=\"color: #000000;\">Another group of solutions we work with are APS systems. Our algorithms and libraries allow you to significantly improve advanced scheduling and planning processes so as to increase their precision and efficiency.<\/span><\/p>\n<p>\t\t\t<\/div>\r\n\t\t<\/div>\r\n\r\n\t<\/div>\r\n            <style type=\"text\/css\">\r\n                #iconbox-zjXUxstEwm .sh-iconbox-title h3 {color: #000000;font-size: 16px;}#iconbox-zjXUxstEwm .sh-iconbox-hover {font-size: 36px;}#iconbox-zjXUxstEwm .sh-iconbox-hover {color: #000000;}#iconbox-zjXUxstEwm.sh-iconbox-style6 .sh-iconbox-hover {text-shadow: -3px 2px rgba(0,0,0,0.3);}#iconbox-zjXUxstEwm .sh-iconbox-content {color: #000000;}#iconbox-zjXUxstEwm:hover .sh-iconbox-hover {color: #47c9e5;}            <\/style>\r\n        \r\n            \r\n            <div class=\"sh-empty-space vc_empty_space sh-empty-space-WIn3uwemiP\" style=\"height: 20px\">\r\n                <span class=\"vc_empty_space_inner\"><\/span>\r\n            <\/div>\r\n\r\n        \r\n<div id=\"button-K28YsV5uOX\" class=\"sh-button-container  sh-button-style-1\">\r\n\t<div class=\"sh-element-margin\">\r\n\t\t<a href=\"https:\/\/otimo.pro\/en\/oferta\/optymalizacja-aps\/\" target=\"_self\" class=\"sh-button sh-button-large sh-button-icon-right\">\r\n\r\n\t\t\t\t\t\t\t<span class=\"sh-button-icon\">\r\n\t\t\t\t\t<i class=\"fa fa-chevron-right\"><\/i>\r\n\t\t\t\t<\/span>\r\n\t\t\t\r\n\t\t\t\t\t\t\t<span class=\"sh-button-text\">\r\n\t\t\t\t\tMORE\t\t\t\t<\/span>\r\n\t\t\t\r\n\t\t\t\r\n\t\t<\/a>\r\n\t\t\t<\/div>\r\n<\/div>\r\n            <style type=\"text\/css\">\r\n                #button-K28YsV5uOX .sh-button-icon i {font-size: 14px;}#button-K28YsV5uOX .sh-button {line-height: 50px;padding-top: 0; padding-bottom: 0;background-color: #11c4f0;color: #ffffff;}#button-K28YsV5uOX {text-align: center;}#button-K28YsV5uOX:not(.sh-button-style-2) .sh-button:hover {background-color: #1d2e42;color: #ffffff;}#button-K28YsV5uOX.sh-button-style-2 .sh-button:after {background-color: #1d2e42;}#button-K28YsV5uOX.sh-button-style-2 .sh-button:hover {color: #ffffff;}@media (max-width: 800px) {#button-K28YsV5uOX {text-align: center;}}            <\/style>\r\n        <style type=\"text\/css\">.vc_column_906549870:hover > .vc_column-inner { background-image: url(  )!important; } .vc_column_906549870 > .vc_column-inner { transition: 0.3s all ease-in-out; }.<\/style><\/div><\/div><\/div><div class=\"wpb_column vc_column_container vc_col-sm-4 vc_col-has-fill vc_column_shadow1_hover vc_column_reponsive_border_disabled vc_element_responsive_background_image vc_column_343230591\"><div class=\"vc_column-inner vc_custom_1652042024518\"><div class=\"wpb_wrapper\" style=\"width: 100%; max-width: 280px;margin-left: auto; margin-right: auto;\">\r\n<div class=\"sh-iconbox sh-iconbox-style2 sh-iconbox-center improved-responsiveness\" id=\"iconbox-4OoJghIYuq\">\r\n\t\r\n\t\t\t\t\t<div class=\"sh-iconbox-icon\">\r\n\t\t\t\t<div class=\"sh-iconbox-icon-shape sh-iconbox-square\">\r\n\t\t\t\t\t<i class=\"sh-iconbox-hover ti-truck\"><\/i>\r\n\r\n\t\t\t\t\t\t\t\t\t<\/div>\r\n\t\t\t<\/div>\r\n\t\t\r\n\t\t<div class=\"sh-iconbox-aside\">\r\n\t\t\t<div class=\"sh-iconbox-title\">\r\n\t\t\t\t\t\t\t\t\t<a href=\"https:\/\/otimo.pro\/en\/oferta\/optymalizacja-vrp\/\">\r\n\t\t\t\t\t\t<h3>VRP Optimization<\/h3>\r\n\t\t\t\t\t<\/a>\r\n\t\t\t\t\t\t\t<\/div>\r\n\t\t\t<div class=\"sh-iconbox-seperator\"><\/div>\r\n\t\t\t<div class=\"sh-iconbox-content\">\r\n\t\t\t\t<\/p>\n<p style=\"text-align: center;\"><span style=\"color: #000000;\">VRP optimization is embedded in OTIMO\u2019s DNA. We dealt with it together and separately long before our company was founded, taking part in various projects and research works. We can pride ourselves not only on significant experience in this area, but also in world records.<\/span><\/p>\n<p>\t\t\t<\/div>\r\n\t\t<\/div>\r\n\r\n\t<\/div>\r\n            <style type=\"text\/css\">\r\n                #iconbox-4OoJghIYuq .sh-iconbox-title h3 {color: #000000;font-size: 16px;}#iconbox-4OoJghIYuq .sh-iconbox-hover {font-size: 36px;}#iconbox-4OoJghIYuq .sh-iconbox-hover {color: #000000;}#iconbox-4OoJghIYuq.sh-iconbox-style6 .sh-iconbox-hover {text-shadow: -3px 2px rgba(0,0,0,0.3);}#iconbox-4OoJghIYuq .sh-iconbox-content {color: #000000;}#iconbox-4OoJghIYuq:hover .sh-iconbox-hover {color: #47c9e5;}            <\/style>\r\n        \r\n            \r\n            <div class=\"sh-empty-space vc_empty_space sh-empty-space-8VNqKiUmWL\" style=\"height: 20px\">\r\n                <span class=\"vc_empty_space_inner\"><\/span>\r\n            <\/div>\r\n\r\n        \r\n<div id=\"button-RZq8EjDAtm\" class=\"sh-button-container  sh-button-style-1\">\r\n\t<div class=\"sh-element-margin\">\r\n\t\t<a href=\"https:\/\/otimo.pro\/en\/oferta\/optymalizacja-vrp\/\" target=\"_self\" class=\"sh-button sh-button-large sh-button-icon-right\">\r\n\r\n\t\t\t\t\t\t\t<span class=\"sh-button-icon\">\r\n\t\t\t\t\t<i class=\"fa fa-chevron-right\"><\/i>\r\n\t\t\t\t<\/span>\r\n\t\t\t\r\n\t\t\t\t\t\t\t<span class=\"sh-button-text\">\r\n\t\t\t\t\tMORE\t\t\t\t<\/span>\r\n\t\t\t\r\n\t\t\t\r\n\t\t<\/a>\r\n\t\t\t<\/div>\r\n<\/div>\r\n            <style type=\"text\/css\">\r\n                #button-RZq8EjDAtm .sh-button-icon i {font-size: 14px;}#button-RZq8EjDAtm .sh-button {line-height: 50px;padding-top: 0; padding-bottom: 0;background-color: #11c4f0;color: #ffffff;}#button-RZq8EjDAtm {text-align: center;}#button-RZq8EjDAtm:not(.sh-button-style-2) .sh-button:hover {background-color: #1d2e42;color: #ffffff;}#button-RZq8EjDAtm.sh-button-style-2 .sh-button:after {background-color: #1d2e42;}#button-RZq8EjDAtm.sh-button-style-2 .sh-button:hover {color: #ffffff;}@media (max-width: 800px) {#button-RZq8EjDAtm {text-align: center;}}            <\/style>\r\n        <style type=\"text\/css\">.vc_column_343230591:hover > .vc_column-inner { background-image: url(  )!important; } .vc_column_343230591 > .vc_column-inner { transition: 0.3s all ease-in-out; }.<\/style><\/div><\/div><\/div><style type=\"text\/css\">@media (max-width: 1025px) { #content .vc_row_1575058810, .sh-footer-template .vc_row_1575058810, .sh-header-template .vc_row_1575058810 { margin: -110px 0px 0px 0px!important;}}@media (max-width: 800px) { #content .vc_row_1575058810, .sh-footer-template .vc_row_1575058810, .sh-header-template .vc_row_1575058810 { margin: 0px 0px 0px 0px!important;}}<\/style><\/div>\n<\/div>","protected":false},"excerpt":{"rendered":"Zapraszamy do zapoznania si\u0119 z nasz\u0105 ofert\u0105 CZYM SI\u0118 ZAJMUJEMY? Tworzymy dopasowane do potrzeb klient\u00f3w rozwi\u0105zania dla problem\u00f3w optymalizacji kombinatorycznej. Skupiamy si\u0119 na obszarach zwi\u0105zanych z szeroko rozumian\u0105 logistyk\u0105, gospodark\u0105 magazynow\u0105 i transportem. Nasze algorytmy osi\u0105gaj\u0105 jedne z najlepszych na \u015bwiecie wynik\u00f3w, dzi\u0119ki czemu pozwalaj\u0105...","protected":false},"author":2,"featured_media":0,"parent":0,"menu_order":0,"comment_status":"closed","ping_status":"closed","template":"","meta":{"footnotes":""},"class_list":["post-1014","page","type-page","status-publish","hentry"],"_links":{"self":[{"href":"https:\/\/otimo.pro\/en\/wp-json\/wp\/v2\/pages\/1014","targetHints":{"allow":["GET"]}}],"collection":[{"href":"https:\/\/otimo.pro\/en\/wp-json\/wp\/v2\/pages"}],"about":[{"href":"https:\/\/otimo.pro\/en\/wp-json\/wp\/v2\/types\/page"}],"author":[{"embeddable":true,"href":"https:\/\/otimo.pro\/en\/wp-json\/wp\/v2\/users\/2"}],"replies":[{"embeddable":true,"href":"https:\/\/otimo.pro\/en\/wp-json\/wp\/v2\/comments?post=1014"}],"version-history":[{"count":10,"href":"https:\/\/otimo.pro\/en\/wp-json\/wp\/v2\/pages\/1014\/revisions"}],"predecessor-version":[{"id":3774,"href":"https:\/\/otimo.pro\/en\/wp-json\/wp\/v2\/pages\/1014\/revisions\/3774"}],"wp:attachment":[{"href":"https:\/\/otimo.pro\/en\/wp-json\/wp\/v2\/media?parent=1014"}],"curies":[{"name":"wp","href":"https:\/\/api.w.org\/{rel}","templated":true}]}}