{"id":10040,"date":"2024-05-27T09:49:19","date_gmt":"2024-05-27T09:49:19","guid":{"rendered":"https:\/\/otimo.pro\/?page_id=10040"},"modified":"2024-05-27T09:59:48","modified_gmt":"2024-05-27T09:59:48","slug":"lodzistics","status":"publish","type":"page","link":"https:\/\/otimo.pro\/en\/partnerzy\/lodzistics\/","title":{"rendered":"LODZistics cluster"},"content":{"rendered":"<div class=\"wpb-content-wrapper\"><div class=\"vc_row wpb_row vc_row-fluid vc_custom_1649109089663 vc_row-has-fill vc_row_299111084\"><div class=\"wpb_column vc_column_container vc_col-sm-12 vc_col-has-fill\"><div class=\"vc_column-inner vc_custom_1653569865676\"><div class=\"wpb_wrapper\">\r\n            \r\n            <div class=\"sh-empty-space vc_empty_space sh-empty-space-1xG4vPbAu6\" style=\"height: 15px\">\r\n                <span class=\"vc_empty_space_inner\"><\/span>\r\n            <\/div>\r\n\r\n        \r\n\r\n\t<div class=\"sh-heading sh-heading-style1 sh-animated fadeInDown\" id=\"heading-3hSPLrAIs5\"data-wow-duration=\"&quot;2s&quot;\">\r\n\t\t<h2 class=\"sh-heading-content size-custom\">\r\n\t\t\t<\/span>\n<span style=\"text-align: center;\">Our partners<\/span>\n<span>\t\t<\/h2>\r\n\t<\/div>\r\n\r\n            <style type=\"text\/css\">\r\n                #heading-3hSPLrAIs5 .sh-heading-content {font-size: 40px;font-weight: 400!important;color: #ffffff;}            <\/style>\r\n        \r\n            \r\n            <div class=\"sh-empty-space vc_empty_space sh-empty-space-sPripGjqXz\" style=\"height: 40px\">\r\n                <span class=\"vc_empty_space_inner\"><\/span>\r\n            <\/div>\r\n\r\n        <\/div><\/div><\/div><\/div><div class=\"vc_row wpb_row vc_row-fluid vc_row_1188593794\"><div class=\"wpb_column vc_column_container vc_col-sm-12\"><div class=\"vc_column-inner vc_custom_1683698893206\"><div class=\"wpb_wrapper\" style=\"width: 100%; max-width: 600px;margin-left: auto; margin-right: auto;\">\r\n<div id=\"single-image-s2R4MQydfY\" class=\"sh-single-image   sh-animated fadeInLeft\"data-wow-duration=\"2s\">\r\n\t<div class=\"sh-element-margin\">\r\n\r\n\t\t\r\n\t\t\t<div class=\"sh-single-image-container\">\r\n\t\t\t\t\r\n\t\t\t\t\t\t\t\t\t\t\t\t\t\t\t<a href=\"https:\/\/lodzistics.pl\/\">\r\n\t\t\t\t\t\r\n\t\t\t\t\t\t\t\t\t\t\t\t\t<img decoding=\"async\" class=\"sh-image-url\" src=\"https:\/\/otimo.pro\/wp-content\/uploads\/2022\/10\/logo_lodzistics_final-1024x742.png\" alt=\"logo_lodzistics_final\" \/>\r\n\t\t\t\t\t\t\t\t\t\t\t\t\t\r\n\t\t\t\t\t\t\t\t\t\t\t<\/a>\r\n\t\t\t\t\t\t\t\t\t\r\n\t\t\t\t\t\t\t<\/div>\r\n\r\n\t\t\r\n\t<\/div>\r\n<\/div>\r\n            <style type=\"text\/css\">\r\n                #single-image-s2R4MQydfY {text-align: center;}            <\/style>\r\n        \r\n            \r\n            <div class=\"sh-empty-space vc_empty_space sh-empty-space-j6LIvhib4n\" style=\"height: 50px\">\r\n                <span class=\"vc_empty_space_inner\"><\/span>\r\n            <\/div>\r\n\r\n        \r\n<div class=\"sh-heading\" id=\"heading-Xp3qjwuaNW\">\r\n\t<div class=\"sh-element-margin\">\r\n\r\n\t\t\r\n\t\t\t<h2 class=\"sh-heading-content size-custom text-center\">\r\n\t\t\t\tOtimo has joined the elite group of companies and institutions from the broadly defined logistics industry gathered in the\t\t\t<\/h2>\r\n\r\n\t\t\r\n\t<\/div>\r\n<\/div>\r\n            <style type=\"text\/css\">\r\n                #heading-Xp3qjwuaNW .sh-element-margin {}#heading-Xp3qjwuaNW .sh-heading-content {font-size: 18px;font-weight: 400!important;color: #000000;}#heading-Xp3qjwuaNW .sh-heading-content,#heading-Xp3qjwuaNW .sh-heading-additional-text {}            <\/style>\r\n        \r\n            \r\n            <div class=\"sh-empty-space vc_empty_space sh-empty-space-VaFWLd3KrE\" style=\"height: 20px\">\r\n                <span class=\"vc_empty_space_inner\"><\/span>\r\n            <\/div>\r\n\r\n        \r\n<div class=\"sh-heading\" id=\"heading-poMs9e163r\">\r\n\t<div class=\"sh-element-margin\">\r\n\r\n\t\t\r\n\t\t\t<h2 class=\"sh-heading-content size-custom text-center\">\r\n\t\t\t\tLODZistics \u2013 Logistyczna Sie\u0107 Biznesowa Polski Centralnej\t\t\t<\/h2>\r\n\r\n\t\t\r\n\t<\/div>\r\n<\/div>\r\n            <style type=\"text\/css\">\r\n                #heading-poMs9e163r .sh-element-margin {}@media (max-width: 1024px) {#heading-poMs9e163r .sh-heading-content {font-size: 27px!important;}}#heading-poMs9e163r .sh-heading-content {font-size: 40px;font-weight: 700!important;color: #000000;}#heading-poMs9e163r .sh-heading-content,#heading-poMs9e163r .sh-heading-additional-text {}            <\/style>\r\n        \r\n            \r\n            <div class=\"sh-empty-space vc_empty_space sh-empty-space-Zcm5gvp1fM\" style=\"height: 20px\">\r\n                <span class=\"vc_empty_space_inner\"><\/span>\r\n            <\/div>\r\n\r\n        \r\n<div class=\"sh-heading\" id=\"heading-dOq5LzbcZM\">\r\n\t<div class=\"sh-element-margin\">\r\n\r\n\t\t\r\n\t\t\t<h2 class=\"sh-heading-content size-custom text-center\">\r\n\t\t\t\tKlaster LODZistics zosta\u0142 powo\u0142any do koordyncji dzia\u0142a\u0144 podnosz\u0105cych atrakcyjno\u015b\u0107 i konkurencyjno\u015b\u0107 bran\u017cy logistycznej. Skupia si\u0119 na stymulowaniu innowacyjno\u015bci podmiot\u00f3w zainteresowanych rozwojem tego sektora. W ramach wsp\u00f3lnych projekt\u00f3w umo\u017cliwia transfer technologii i rozw\u00f3j dobrych praktyk. Bada sposoby zastosowania nowoczesnych rozwi\u0105za\u0144 transportowych m.in. w zakresie przewoz\u00f3w intermodalnych, systemu RFS w transporcie lotniczym czy eco-driving\u2019u. Dzia\u0142a na terenie ca\u0142ego kraju, ze szczeg\u00f3lnym naciskiem na obszar Polski Centralnej.\t\t\t<\/h2>\r\n\r\n\t\t\r\n\t<\/div>\r\n<\/div>\r\n            <style type=\"text\/css\">\r\n                #heading-dOq5LzbcZM .sh-element-margin {}#heading-dOq5LzbcZM .sh-heading-content {font-size: 18px;font-weight: 400!important;color: #000000;}#heading-dOq5LzbcZM .sh-heading-content,#heading-dOq5LzbcZM .sh-heading-additional-text {}            <\/style>\r\n        \r\n            \r\n            <div class=\"sh-empty-space vc_empty_space sh-empty-space-h8zCvO2aSy\" style=\"height: 20px\">\r\n                <span class=\"vc_empty_space_inner\"><\/span>\r\n            <\/div>\r\n\r\n        \r\n<div class=\"sh-heading\" id=\"heading-WbyrCqcE2Z\">\r\n\t<div class=\"sh-element-margin\">\r\n\r\n\t\t\r\n\t\t\t<h2 class=\"sh-heading-content size-custom text-center\">\r\n\t\t\t\tSee more details at:\t\t\t<\/h2>\r\n\r\n\t\t\r\n\t<\/div>\r\n<\/div>\r\n            <style type=\"text\/css\">\r\n                #heading-WbyrCqcE2Z .sh-element-margin {}#heading-WbyrCqcE2Z .sh-heading-content {font-size: 18px;font-weight: 400!important;color: #000000;}#heading-WbyrCqcE2Z .sh-heading-content,#heading-WbyrCqcE2Z .sh-heading-additional-text {}            <\/style>\r\n        \r\n            \r\n            <div class=\"sh-empty-space vc_empty_space sh-empty-space-wL4FYxGESK\" style=\"height: 15px\">\r\n                <span class=\"vc_empty_space_inner\"><\/span>\r\n            <\/div>\r\n\r\n        \r\n<div id=\"button-6W1B4AZHvT\" class=\"sh-button-container  sh-button-style-1\">\r\n\t<div class=\"sh-element-margin\">\r\n\t\t<a href=\"https:\/\/lodzistics.pl\" target=\"_blank\" class=\"sh-button sh-button-large\">\r\n\r\n\t\t\t\r\n\t\t\t\t\t\t\t<span class=\"sh-button-text\">\r\n\t\t\t\t\tLODZistics cluster\t\t\t\t<\/span>\r\n\t\t\t\r\n\t\t\t\r\n\t\t<\/a>\r\n\t\t\t<\/div>\r\n<\/div>\r\n            <style type=\"text\/css\">\r\n                #button-6W1B4AZHvT .sh-button-icon i {font-size: 14px;}#button-6W1B4AZHvT .sh-button {line-height: 50px;padding-top: 0; padding-bottom: 0;background-color: #11c4f0;color: #ffffff;border: 0px solid #11c4f0;}#button-6W1B4AZHvT {text-align: center;}#button-6W1B4AZHvT:not(.sh-button-style-2) .sh-button:hover {background-color: #1d2e42;}#button-6W1B4AZHvT.sh-button-style-2 .sh-button:after {background-color: #1d2e42;}#button-6W1B4AZHvT.sh-button-style-2 .sh-button:hover {}@media (max-width: 800px) {#button-6W1B4AZHvT {text-align: center;}}            <\/style>\r\n        \r\n            \r\n            <div class=\"sh-empty-space vc_empty_space sh-empty-space-iES8ywDoja\" style=\"height: 20px\">\r\n                <span class=\"vc_empty_space_inner\"><\/span>\r\n            <\/div>\r\n\r\n        <div class=\"vc_separator wpb_content_element vc_separator_align_center vc_sep_width_100 vc_sep_border_width_2 vc_sep_pos_align_center vc_separator_no_text wpb_content_element  wpb_content_element\" ><span class=\"vc_sep_holder vc_sep_holder_l\"><span style=\"border-color:#11c4f0;\" class=\"vc_sep_line\"><\/span><\/span><span class=\"vc_sep_holder vc_sep_holder_r\"><span style=\"border-color:#11c4f0;\" class=\"vc_sep_line\"><\/span><\/span>\n<\/div>\r\n            \r\n            <div class=\"sh-empty-space vc_empty_space sh-empty-space-6pbUqymClW\" style=\"height: 20px\">\r\n                <span class=\"vc_empty_space_inner\"><\/span>\r\n            <\/div>\r\n\r\n        \r\n            \r\n            <div class=\"sh-empty-space vc_empty_space sh-empty-space-ovnq2YCKfJ\" style=\"height: 20px\">\r\n                <span class=\"vc_empty_space_inner\"><\/span>\r\n            <\/div>\r\n\r\n        \r\n            \r\n            <div class=\"sh-empty-space vc_empty_space sh-empty-space-D6BtQsMjrO\" style=\"height: 30px\">\r\n                <span class=\"vc_empty_space_inner\"><\/span>\r\n            <\/div>\r\n\r\n        <\/div><\/div><\/div><style type=\"text\/css\"> .vc_row_1188593794:not(.vc_parallax) { overflow: center!important; position: relative; }<\/style><\/div>\n<\/div>","protected":false},"excerpt":{"rendered":"Nasi partnerzy Otimo do\u0142\u0105czy\u0142o do elitarnego grona firm i instytucji z szeroko poj\u0119tej bran\u017cy logistycznej skupionych w klastrze LODZistics \u2013 Logistyczna Sie\u0107 Biznesowa Polski Centralnej Klaster LODZistics zosta\u0142 powo\u0142any do koordyncji dzia\u0142a\u0144 podnosz\u0105cych atrakcyjno\u015b\u0107 i konkurencyjno\u015b\u0107 bran\u017cy logistycznej. Skupia si\u0119 na stymulowaniu innowacyjno\u015bci podmiot\u00f3w zainteresowanych...","protected":false},"author":2,"featured_media":0,"parent":8509,"menu_order":0,"comment_status":"closed","ping_status":"closed","template":"","meta":{"footnotes":""},"class_list":["post-10040","page","type-page","status-publish","hentry"],"_links":{"self":[{"href":"https:\/\/otimo.pro\/en\/wp-json\/wp\/v2\/pages\/10040","targetHints":{"allow":["GET"]}}],"collection":[{"href":"https:\/\/otimo.pro\/en\/wp-json\/wp\/v2\/pages"}],"about":[{"href":"https:\/\/otimo.pro\/en\/wp-json\/wp\/v2\/types\/page"}],"author":[{"embeddable":true,"href":"https:\/\/otimo.pro\/en\/wp-json\/wp\/v2\/users\/2"}],"replies":[{"embeddable":true,"href":"https:\/\/otimo.pro\/en\/wp-json\/wp\/v2\/comments?post=10040"}],"version-history":[{"count":2,"href":"https:\/\/otimo.pro\/en\/wp-json\/wp\/v2\/pages\/10040\/revisions"}],"predecessor-version":[{"id":10042,"href":"https:\/\/otimo.pro\/en\/wp-json\/wp\/v2\/pages\/10040\/revisions\/10042"}],"up":[{"embeddable":true,"href":"https:\/\/otimo.pro\/en\/wp-json\/wp\/v2\/pages\/8509"}],"wp:attachment":[{"href":"https:\/\/otimo.pro\/en\/wp-json\/wp\/v2\/media?parent=10040"}],"curies":[{"name":"wp","href":"https:\/\/api.w.org\/{rel}","templated":true}]}}